{"id":2344,"date":"2024-12-18T15:30:03","date_gmt":"2024-12-18T21:30:03","guid":{"rendered":"https:\/\/www.ctu.com.mx\/casas-en-venta\/?page_id=2344"},"modified":"2024-12-19T11:46:48","modified_gmt":"2024-12-19T17:46:48","slug":"quienes-somos","status":"publish","type":"page","link":"https:\/\/www.ctu.com.mx\/casas-en-venta\/quienes-somos\/","title":{"rendered":"Quienes Somos"},"content":{"rendered":"\n<div class=\"wp-block-columns is-layout-flex wp-container-core-columns-is-layout-9d6595d7 wp-block-columns-is-layout-flex\">\n<div class=\"wp-block-column is-layout-flow wp-block-column-is-layout-flow\" style=\"flex-basis:50%\">\n<iframe loading=\"lazy\" width=\"560\" height=\"275\" src=\"https:\/\/www.youtube.com\/embed\/AOcHQsv59x8?si=eWxTJNdJOkpxeTIn\" title=\"YouTube video player\" frameborder=\"0\" allow=\"accelerometer; autoplay; clipboard-write; encrypted-media; gyroscope; picture-in-picture; web-share\" referrerpolicy=\"strict-origin-when-cross-origin\" allowfullscreen><\/iframe>\n<\/div>\n\n\n\n<div class=\"wp-block-column is-layout-flow wp-block-column-is-layout-flow\" style=\"flex-basis:50%\">\n<h3 class=\"wp-block-heading has-text-color has-link-color wp-elements-0b00b6f00b14f80257d60e25c4802c28\" style=\"color:#d2bb5c\">Misi\u00f3n<\/h3>\n\n\n\n<p>Nos&nbsp;constituimos&nbsp;para&nbsp;ser&nbsp;una&nbsp;empresa&nbsp;desarrolladora&nbsp;de&nbsp;vivienda,&nbsp;L\u00edder&nbsp;a&nbsp;nivel&nbsp;nacional,&nbsp;con&nbsp;altos&nbsp;niveles&nbsp;de&nbsp;operaci\u00f3n&nbsp;y&nbsp;calidad,&nbsp;altamente&nbsp;rentables&nbsp;y&nbsp;que&nbsp;satisface&nbsp;al&nbsp;cliente&nbsp;con&nbsp;productos&nbsp;Innovadores.<\/p>\n<\/div>\n<\/div>\n\n\n\n<div style=\"height:50px\" aria-hidden=\"true\" class=\"wp-block-spacer\"><\/div>\n\n\n\n<div class=\"wp-block-columns is-layout-flex wp-container-core-columns-is-layout-9d6595d7 wp-block-columns-is-layout-flex\">\n<div class=\"wp-block-column is-layout-flow wp-block-column-is-layout-flow\" style=\"flex-basis:50%\">\n<h3 class=\"wp-block-heading has-text-color has-link-color wp-elements-7a867fc36434dbfb4c46d7b454ae5f71\" style=\"color:#d2bb5c\">Visi\u00f3n<\/h3>\n\n\n\n<p>Ser una empresa prestigiada en el ramo de vivienda, con crecimiento continuo, que ofrece productos vanguardistas de alta calidad, manteniendo al cliente como el centro de su operaci\u00f3n y con una alta rentabilidad para sus inversionistas.<\/p>\n<\/div>\n\n\n\n<div class=\"wp-block-column is-layout-flow wp-block-column-is-layout-flow\" style=\"flex-basis:50%\">\n<figure class=\"wp-block-image size-large\"><img loading=\"lazy\" decoding=\"async\" width=\"700\" height=\"467\" src=\"https:\/\/www.ctu.com.mx\/casas-en-venta\/wp-content\/uploads\/2024\/12\/1DSC09331-700x467.jpg\" alt=\"\" class=\"wp-image-2386\" srcset=\"https:\/\/www.ctu.com.mx\/casas-en-venta\/wp-content\/uploads\/2024\/12\/1DSC09331-700x467.jpg 700w, https:\/\/www.ctu.com.mx\/casas-en-venta\/wp-content\/uploads\/2024\/12\/1DSC09331-250x167.jpg 250w, https:\/\/www.ctu.com.mx\/casas-en-venta\/wp-content\/uploads\/2024\/12\/1DSC09331-768x512.jpg 768w, https:\/\/www.ctu.com.mx\/casas-en-venta\/wp-content\/uploads\/2024\/12\/1DSC09331-1536x1024.jpg 1536w, https:\/\/www.ctu.com.mx\/casas-en-venta\/wp-content\/uploads\/2024\/12\/1DSC09331-2048x1365.jpg 2048w, https:\/\/www.ctu.com.mx\/casas-en-venta\/wp-content\/uploads\/2024\/12\/1DSC09331-120x80.jpg 120w\" sizes=\"(max-width: 700px) 100vw, 700px\" \/><\/figure>\n<\/div>\n<\/div>\n\n\n\n<div style=\"height:50px\" aria-hidden=\"true\" class=\"wp-block-spacer\"><\/div>\n\n\n\n<div class=\"wp-block-columns is-layout-flex wp-container-core-columns-is-layout-9d6595d7 wp-block-columns-is-layout-flex\">\n<div class=\"wp-block-column is-layout-flow wp-block-column-is-layout-flow\" style=\"flex-basis:100%\">\n<h3 class=\"wp-block-heading has-text-color has-link-color wp-elements-1e3600a1233cb03051a3c20a058a35e6\" style=\"color:#d2bb5c\"><\/h3>\n\n\n\n<div style=\"height:20px\" aria-hidden=\"true\" class=\"wp-block-spacer\"><\/div>\n\n\n\n<figure class=\"wp-block-image size-large\"><img loading=\"lazy\" decoding=\"async\" width=\"700\" height=\"467\" src=\"https:\/\/www.ctu.com.mx\/casas-en-venta\/wp-content\/uploads\/2024\/12\/2DSC09848-700x467.jpg\" alt=\"\" class=\"wp-image-2388\" srcset=\"https:\/\/www.ctu.com.mx\/casas-en-venta\/wp-content\/uploads\/2024\/12\/2DSC09848-700x467.jpg 700w, https:\/\/www.ctu.com.mx\/casas-en-venta\/wp-content\/uploads\/2024\/12\/2DSC09848-250x167.jpg 250w, https:\/\/www.ctu.com.mx\/casas-en-venta\/wp-content\/uploads\/2024\/12\/2DSC09848-768x512.jpg 768w, https:\/\/www.ctu.com.mx\/casas-en-venta\/wp-content\/uploads\/2024\/12\/2DSC09848-1536x1024.jpg 1536w, https:\/\/www.ctu.com.mx\/casas-en-venta\/wp-content\/uploads\/2024\/12\/2DSC09848-2048x1365.jpg 2048w, https:\/\/www.ctu.com.mx\/casas-en-venta\/wp-content\/uploads\/2024\/12\/2DSC09848-120x80.jpg 120w\" sizes=\"(max-width: 700px) 100vw, 700px\" \/><\/figure>\n\n\n\n<div style=\"height:20px\" aria-hidden=\"true\" class=\"wp-block-spacer\"><\/div>\n\n\n\n<figure class=\"wp-block-image size-large\"><img loading=\"lazy\" decoding=\"async\" width=\"700\" height=\"467\" src=\"https:\/\/www.ctu.com.mx\/casas-en-venta\/wp-content\/uploads\/2024\/12\/3DSC09595-700x467.jpg\" alt=\"\" class=\"wp-image-2389\" srcset=\"https:\/\/www.ctu.com.mx\/casas-en-venta\/wp-content\/uploads\/2024\/12\/3DSC09595-700x467.jpg 700w, https:\/\/www.ctu.com.mx\/casas-en-venta\/wp-content\/uploads\/2024\/12\/3DSC09595-250x167.jpg 250w, https:\/\/www.ctu.com.mx\/casas-en-venta\/wp-content\/uploads\/2024\/12\/3DSC09595-768x512.jpg 768w, https:\/\/www.ctu.com.mx\/casas-en-venta\/wp-content\/uploads\/2024\/12\/3DSC09595-1536x1024.jpg 1536w, https:\/\/www.ctu.com.mx\/casas-en-venta\/wp-content\/uploads\/2024\/12\/3DSC09595-2048x1365.jpg 2048w, https:\/\/www.ctu.com.mx\/casas-en-venta\/wp-content\/uploads\/2024\/12\/3DSC09595-120x80.jpg 120w\" sizes=\"(max-width: 700px) 100vw, 700px\" \/><\/figure>\n<\/div>\n\n\n\n<div class=\"wp-block-column is-layout-flow wp-block-column-is-layout-flow\" style=\"flex-basis:100%\">\n<h3 class=\"wp-block-heading has-text-color has-link-color wp-elements-4edb586982d17ffef9dfaf2f5038d303\" style=\"color:#d2bb5c\">Valores<\/h3>\n\n\n\n<p><strong>HONESTIDAD<\/strong>: Actuar con honradez, lealtad, \u00e9tica y transparencia.<\/p>\n\n\n\n<p><strong>TRABAJO EN EQUIPO:<\/strong> Conjuntar esfuerzos, compartir decisiones y crear consenso y sinergia para enriquecer el trabajo individual y maximizar los logros de la empresa.<\/p>\n\n\n\n<p><strong>RESPONSABILIDAD<\/strong>: Responder ante nuestras acciones y omisiones, de acuerdo a los valores y pol\u00edticas de la empresa.<\/p>\n\n\n\n<p><strong>INNOVACI\u00d3N<\/strong>: Crear nuevas y mejores cosas de hacer las cosas, somos l\u00edderes, no seguidores.<\/p>\n\n\n\n<p><strong>CALIDAD<\/strong>: Entregar productos y servicios que cumplen con lo ofrecido a nuestros clientes, en tiempo y forma.<\/p>\n\n\n\n<p><strong>COMPROMISO<\/strong>: Ofrecer, siempre y en todo momento, lo mejor de m\u00ed a la empresa, a los clientes externos e internos.<\/p>\n\n\n\n<p><strong>SERVICIO<\/strong>: Brindar ayuda de manera espont\u00e1nea a nuestros clientes y compa\u00f1eros, para satisfacer sus necesidades con entusiasmo, amabilidad y buen trato.<\/p>\n<\/div>\n<\/div>\n\n\n\n<div style=\"height:26px\" aria-hidden=\"true\" class=\"wp-block-spacer\"><\/div>\n\n\n\n<figure class=\"wp-block-embed is-type-video is-provider-youtube wp-block-embed-youtube wp-embed-aspect-16-9 wp-has-aspect-ratio\"><div class=\"wp-block-embed__wrapper\">\n<iframe loading=\"lazy\" title=\"Construyendo el Futuro en Distrito Uno\" width=\"900\" height=\"506\" src=\"https:\/\/www.youtube.com\/embed\/YXYpQyXThK8?feature=oembed\" frameborder=\"0\" allow=\"accelerometer; autoplay; clipboard-write; encrypted-media; gyroscope; picture-in-picture; web-share\" referrerpolicy=\"strict-origin-when-cross-origin\" allowfullscreen><\/iframe>\n<\/div><\/figure>\n\n\n\n<div style=\"height:26px\" aria-hidden=\"true\" class=\"wp-block-spacer\"><\/div>\n","protected":false},"excerpt":{"rendered":"Misi\u00f3n Nos&nbsp;constituimos&nbsp;para&nbsp;ser&nbsp;una&nbsp;empresa&nbsp;desarrolladora&nbsp;de&nbsp;vivienda,&nbsp;L\u00edder&nbsp;a&nbsp;nivel&nbsp;nacional,&nbsp;con&nbsp;altos&nbsp;niveles&nbsp;de&nbsp;operaci\u00f3n&nbsp;y&nbsp;calidad,&nbsp;altamente&nbsp;rentables&nbsp;y&nbsp;que&nbsp;satisface&nbsp;al&nbsp;cliente&nbsp;con&nbsp;productos&nbsp;Innovadores. Visi\u00f3n Ser una empresa prestigiada en el ramo de vivienda, con crecimiento continuo, que ofrece productos vanguardistas de alta calidad, manteniendo al cliente como el centro de su operaci\u00f3n y con una alta rentabilidad para sus inversionistas. Valores HONESTIDAD: Actuar con honradez, lealtad, \u00e9tica y transparencia. TRABAJO EN EQUIPO: Conjuntar esfuerzos, compartir decisiones&hellip;","protected":false},"author":2,"featured_media":0,"parent":0,"menu_order":0,"comment_status":"closed","ping_status":"closed","template":"","meta":{"_acf_changed":false,"rop_custom_images_group":[],"rop_custom_messages_group":[],"rop_publish_now":"initial","rop_publish_now_accounts":[],"rop_publish_now_history":[],"rop_publish_now_status":"pending","footnotes":""},"class_list":["post-2344","page","type-page","status-publish","hentry"],"acf":[],"yoast_head":"<!-- This site is optimized with the Yoast SEO plugin v27.5 - https:\/\/yoast.com\/product\/yoast-seo-wordpress\/ -->\n<title>Quienes Somos - CTU | Casas en Venta | Fraccionamientos | Residenciales<\/title>\n<meta name=\"robots\" content=\"index, follow, max-snippet:-1, max-image-preview:large, max-video-preview:-1\" \/>\n<link rel=\"canonical\" href=\"https:\/\/www.ctu.com.mx\/casas-en-venta\/quienes-somos\/\" \/>\n<meta property=\"og:locale\" content=\"es_MX\" \/>\n<meta property=\"og:type\" content=\"article\" \/>\n<meta property=\"og:title\" content=\"Quienes Somos - CTU | Casas en Venta | Fraccionamientos | Residenciales\" \/>\n<meta property=\"og:description\" content=\"Misi\u00f3n Nos&nbsp;constituimos&nbsp;para&nbsp;ser&nbsp;una&nbsp;empresa&nbsp;desarrolladora&nbsp;de&nbsp;vivienda,&nbsp;L\u00edder&nbsp;a&nbsp;nivel&nbsp;nacional,&nbsp;con&nbsp;altos&nbsp;niveles&nbsp;de&nbsp;operaci\u00f3n&nbsp;y&nbsp;calidad,&nbsp;altamente&nbsp;rentables&nbsp;y&nbsp;que&nbsp;satisface&nbsp;al&nbsp;cliente&nbsp;con&nbsp;productos&nbsp;Innovadores. Visi\u00f3n Ser una empresa prestigiada en el ramo de vivienda, con crecimiento continuo, que ofrece productos vanguardistas de alta calidad, manteniendo al cliente como el centro de su operaci\u00f3n y con una alta rentabilidad para sus inversionistas. Valores HONESTIDAD: Actuar con honradez, lealtad, \u00e9tica y transparencia. TRABAJO EN EQUIPO: Conjuntar esfuerzos, compartir decisiones&hellip;\" \/>\n<meta property=\"og:url\" content=\"https:\/\/www.ctu.com.mx\/casas-en-venta\/quienes-somos\/\" \/>\n<meta property=\"og:site_name\" content=\"CTU | Casas en Venta | Fraccionamientos | Residenciales\" \/>\n<meta property=\"article:publisher\" content=\"https:\/\/www.facebook.com\/ctulife\" \/>\n<meta property=\"article:modified_time\" content=\"2024-12-19T17:46:48+00:00\" \/>\n<meta property=\"og:image\" content=\"https:\/\/www.ctu.com.mx\/casas-en-venta\/wp-content\/uploads\/2024\/12\/1DSC09331-scaled.jpg\" \/>\n\t<meta property=\"og:image:width\" content=\"2560\" \/>\n\t<meta property=\"og:image:height\" content=\"1707\" \/>\n\t<meta property=\"og:image:type\" content=\"image\/jpeg\" \/>\n<meta name=\"twitter:card\" content=\"summary_large_image\" \/>\n<meta name=\"twitter:label1\" content=\"Tiempo de lectura\" \/>\n\t<meta name=\"twitter:data1\" content=\"2 minutos\" \/>\n<script type=\"application\/ld+json\" class=\"yoast-schema-graph\">{\"@context\":\"https:\\\/\\\/schema.org\",\"@graph\":[{\"@type\":\"WebPage\",\"@id\":\"https:\\\/\\\/www.ctu.com.mx\\\/casas-en-venta\\\/quienes-somos\\\/\",\"url\":\"https:\\\/\\\/www.ctu.com.mx\\\/casas-en-venta\\\/quienes-somos\\\/\",\"name\":\"Quienes Somos - CTU | Casas en Venta | Fraccionamientos | Residenciales\",\"isPartOf\":{\"@id\":\"https:\\\/\\\/www.ctu.com.mx\\\/casas-en-venta\\\/#website\"},\"primaryImageOfPage\":{\"@id\":\"https:\\\/\\\/www.ctu.com.mx\\\/casas-en-venta\\\/quienes-somos\\\/#primaryimage\"},\"image\":{\"@id\":\"https:\\\/\\\/www.ctu.com.mx\\\/casas-en-venta\\\/quienes-somos\\\/#primaryimage\"},\"thumbnailUrl\":\"https:\\\/\\\/www.ctu.com.mx\\\/casas-en-venta\\\/wp-content\\\/uploads\\\/2024\\\/12\\\/1DSC09331-700x467.jpg\",\"datePublished\":\"2024-12-18T21:30:03+00:00\",\"dateModified\":\"2024-12-19T17:46:48+00:00\",\"breadcrumb\":{\"@id\":\"https:\\\/\\\/www.ctu.com.mx\\\/casas-en-venta\\\/quienes-somos\\\/#breadcrumb\"},\"inLanguage\":\"es\",\"potentialAction\":[{\"@type\":\"ReadAction\",\"target\":[\"https:\\\/\\\/www.ctu.com.mx\\\/casas-en-venta\\\/quienes-somos\\\/\"]}]},{\"@type\":\"ImageObject\",\"inLanguage\":\"es\",\"@id\":\"https:\\\/\\\/www.ctu.com.mx\\\/casas-en-venta\\\/quienes-somos\\\/#primaryimage\",\"url\":\"https:\\\/\\\/www.ctu.com.mx\\\/casas-en-venta\\\/wp-content\\\/uploads\\\/2024\\\/12\\\/1DSC09331-scaled.jpg\",\"contentUrl\":\"https:\\\/\\\/www.ctu.com.mx\\\/casas-en-venta\\\/wp-content\\\/uploads\\\/2024\\\/12\\\/1DSC09331-scaled.jpg\",\"width\":2560,\"height\":1707},{\"@type\":\"BreadcrumbList\",\"@id\":\"https:\\\/\\\/www.ctu.com.mx\\\/casas-en-venta\\\/quienes-somos\\\/#breadcrumb\",\"itemListElement\":[{\"@type\":\"ListItem\",\"position\":1,\"name\":\"Inicio\",\"item\":\"https:\\\/\\\/www.ctu.com.mx\\\/casas-en-venta\\\/\"},{\"@type\":\"ListItem\",\"position\":2,\"name\":\"Quienes Somos\"}]},{\"@type\":\"WebSite\",\"@id\":\"https:\\\/\\\/www.ctu.com.mx\\\/casas-en-venta\\\/#website\",\"url\":\"https:\\\/\\\/www.ctu.com.mx\\\/casas-en-venta\\\/\",\"name\":\"CTU Hogar | Casas en Venta por Cr\u00e9dito Infonavit, Fovissste o Banco | Fraccionamientos Residenciales\",\"description\":\"Contamos con residenciales en 6 ciudades de M\u00e9xico: Chihuahua, Cuauht\u00e9moc, Ju\u00e1rez, Le\u00f3n, Hermosillo y Monterrey.  Cada uno de nuestros desarrollos es \u00fanico y cuenta con diferentes opciones de vivienda para todo tipo de familias. T\u00f3mate el tiempo de conocerlos.\",\"publisher\":{\"@id\":\"https:\\\/\\\/www.ctu.com.mx\\\/casas-en-venta\\\/#organization\"},\"potentialAction\":[{\"@type\":\"SearchAction\",\"target\":{\"@type\":\"EntryPoint\",\"urlTemplate\":\"https:\\\/\\\/www.ctu.com.mx\\\/casas-en-venta\\\/?s={search_term_string}\"},\"query-input\":{\"@type\":\"PropertyValueSpecification\",\"valueRequired\":true,\"valueName\":\"search_term_string\"}}],\"inLanguage\":\"es\"},{\"@type\":\"Organization\",\"@id\":\"https:\\\/\\\/www.ctu.com.mx\\\/casas-en-venta\\\/#organization\",\"name\":\"CTU Hogar\",\"url\":\"https:\\\/\\\/www.ctu.com.mx\\\/casas-en-venta\\\/\",\"logo\":{\"@type\":\"ImageObject\",\"inLanguage\":\"es\",\"@id\":\"https:\\\/\\\/www.ctu.com.mx\\\/casas-en-venta\\\/#\\\/schema\\\/logo\\\/image\\\/\",\"url\":\"https:\\\/\\\/www.ctu.com.mx\\\/casas-en-venta\\\/wp-content\\\/uploads\\\/2024\\\/02\\\/logo.png\",\"contentUrl\":\"https:\\\/\\\/www.ctu.com.mx\\\/casas-en-venta\\\/wp-content\\\/uploads\\\/2024\\\/02\\\/logo.png\",\"width\":398,\"height\":538,\"caption\":\"CTU Hogar\"},\"image\":{\"@id\":\"https:\\\/\\\/www.ctu.com.mx\\\/casas-en-venta\\\/#\\\/schema\\\/logo\\\/image\\\/\"},\"sameAs\":[\"https:\\\/\\\/www.facebook.com\\\/ctulife\"]}]}<\/script>\n<!-- \/ Yoast SEO plugin. -->","yoast_head_json":{"title":"Quienes Somos - CTU | Casas en Venta | Fraccionamientos | Residenciales","robots":{"index":"index","follow":"follow","max-snippet":"max-snippet:-1","max-image-preview":"max-image-preview:large","max-video-preview":"max-video-preview:-1"},"canonical":"https:\/\/www.ctu.com.mx\/casas-en-venta\/quienes-somos\/","og_locale":"es_MX","og_type":"article","og_title":"Quienes Somos - CTU | Casas en Venta | Fraccionamientos | Residenciales","og_description":"Misi\u00f3n Nos&nbsp;constituimos&nbsp;para&nbsp;ser&nbsp;una&nbsp;empresa&nbsp;desarrolladora&nbsp;de&nbsp;vivienda,&nbsp;L\u00edder&nbsp;a&nbsp;nivel&nbsp;nacional,&nbsp;con&nbsp;altos&nbsp;niveles&nbsp;de&nbsp;operaci\u00f3n&nbsp;y&nbsp;calidad,&nbsp;altamente&nbsp;rentables&nbsp;y&nbsp;que&nbsp;satisface&nbsp;al&nbsp;cliente&nbsp;con&nbsp;productos&nbsp;Innovadores. Visi\u00f3n Ser una empresa prestigiada en el ramo de vivienda, con crecimiento continuo, que ofrece productos vanguardistas de alta calidad, manteniendo al cliente como el centro de su operaci\u00f3n y con una alta rentabilidad para sus inversionistas. Valores HONESTIDAD: Actuar con honradez, lealtad, \u00e9tica y transparencia. TRABAJO EN EQUIPO: Conjuntar esfuerzos, compartir decisiones&hellip;","og_url":"https:\/\/www.ctu.com.mx\/casas-en-venta\/quienes-somos\/","og_site_name":"CTU | Casas en Venta | Fraccionamientos | Residenciales","article_publisher":"https:\/\/www.facebook.com\/ctulife","article_modified_time":"2024-12-19T17:46:48+00:00","og_image":[{"width":2560,"height":1707,"url":"https:\/\/www.ctu.com.mx\/casas-en-venta\/wp-content\/uploads\/2024\/12\/1DSC09331-scaled.jpg","type":"image\/jpeg"}],"twitter_card":"summary_large_image","twitter_misc":{"Tiempo de lectura":"2 minutos"},"schema":{"@context":"https:\/\/schema.org","@graph":[{"@type":"WebPage","@id":"https:\/\/www.ctu.com.mx\/casas-en-venta\/quienes-somos\/","url":"https:\/\/www.ctu.com.mx\/casas-en-venta\/quienes-somos\/","name":"Quienes Somos - CTU | Casas en Venta | Fraccionamientos | Residenciales","isPartOf":{"@id":"https:\/\/www.ctu.com.mx\/casas-en-venta\/#website"},"primaryImageOfPage":{"@id":"https:\/\/www.ctu.com.mx\/casas-en-venta\/quienes-somos\/#primaryimage"},"image":{"@id":"https:\/\/www.ctu.com.mx\/casas-en-venta\/quienes-somos\/#primaryimage"},"thumbnailUrl":"https:\/\/www.ctu.com.mx\/casas-en-venta\/wp-content\/uploads\/2024\/12\/1DSC09331-700x467.jpg","datePublished":"2024-12-18T21:30:03+00:00","dateModified":"2024-12-19T17:46:48+00:00","breadcrumb":{"@id":"https:\/\/www.ctu.com.mx\/casas-en-venta\/quienes-somos\/#breadcrumb"},"inLanguage":"es","potentialAction":[{"@type":"ReadAction","target":["https:\/\/www.ctu.com.mx\/casas-en-venta\/quienes-somos\/"]}]},{"@type":"ImageObject","inLanguage":"es","@id":"https:\/\/www.ctu.com.mx\/casas-en-venta\/quienes-somos\/#primaryimage","url":"https:\/\/www.ctu.com.mx\/casas-en-venta\/wp-content\/uploads\/2024\/12\/1DSC09331-scaled.jpg","contentUrl":"https:\/\/www.ctu.com.mx\/casas-en-venta\/wp-content\/uploads\/2024\/12\/1DSC09331-scaled.jpg","width":2560,"height":1707},{"@type":"BreadcrumbList","@id":"https:\/\/www.ctu.com.mx\/casas-en-venta\/quienes-somos\/#breadcrumb","itemListElement":[{"@type":"ListItem","position":1,"name":"Inicio","item":"https:\/\/www.ctu.com.mx\/casas-en-venta\/"},{"@type":"ListItem","position":2,"name":"Quienes Somos"}]},{"@type":"WebSite","@id":"https:\/\/www.ctu.com.mx\/casas-en-venta\/#website","url":"https:\/\/www.ctu.com.mx\/casas-en-venta\/","name":"CTU Hogar | Casas en Venta por Cr\u00e9dito Infonavit, Fovissste o Banco | Fraccionamientos Residenciales","description":"Contamos con residenciales en 6 ciudades de M\u00e9xico: Chihuahua, Cuauht\u00e9moc, Ju\u00e1rez, Le\u00f3n, Hermosillo y Monterrey.  Cada uno de nuestros desarrollos es \u00fanico y cuenta con diferentes opciones de vivienda para todo tipo de familias. T\u00f3mate el tiempo de conocerlos.","publisher":{"@id":"https:\/\/www.ctu.com.mx\/casas-en-venta\/#organization"},"potentialAction":[{"@type":"SearchAction","target":{"@type":"EntryPoint","urlTemplate":"https:\/\/www.ctu.com.mx\/casas-en-venta\/?s={search_term_string}"},"query-input":{"@type":"PropertyValueSpecification","valueRequired":true,"valueName":"search_term_string"}}],"inLanguage":"es"},{"@type":"Organization","@id":"https:\/\/www.ctu.com.mx\/casas-en-venta\/#organization","name":"CTU Hogar","url":"https:\/\/www.ctu.com.mx\/casas-en-venta\/","logo":{"@type":"ImageObject","inLanguage":"es","@id":"https:\/\/www.ctu.com.mx\/casas-en-venta\/#\/schema\/logo\/image\/","url":"https:\/\/www.ctu.com.mx\/casas-en-venta\/wp-content\/uploads\/2024\/02\/logo.png","contentUrl":"https:\/\/www.ctu.com.mx\/casas-en-venta\/wp-content\/uploads\/2024\/02\/logo.png","width":398,"height":538,"caption":"CTU Hogar"},"image":{"@id":"https:\/\/www.ctu.com.mx\/casas-en-venta\/#\/schema\/logo\/image\/"},"sameAs":["https:\/\/www.facebook.com\/ctulife"]}]}},"_links":{"self":[{"href":"https:\/\/www.ctu.com.mx\/casas-en-venta\/wp-json\/wp\/v2\/pages\/2344","targetHints":{"allow":["GET"]}}],"collection":[{"href":"https:\/\/www.ctu.com.mx\/casas-en-venta\/wp-json\/wp\/v2\/pages"}],"about":[{"href":"https:\/\/www.ctu.com.mx\/casas-en-venta\/wp-json\/wp\/v2\/types\/page"}],"author":[{"embeddable":true,"href":"https:\/\/www.ctu.com.mx\/casas-en-venta\/wp-json\/wp\/v2\/users\/2"}],"replies":[{"embeddable":true,"href":"https:\/\/www.ctu.com.mx\/casas-en-venta\/wp-json\/wp\/v2\/comments?post=2344"}],"version-history":[{"count":20,"href":"https:\/\/www.ctu.com.mx\/casas-en-venta\/wp-json\/wp\/v2\/pages\/2344\/revisions"}],"predecessor-version":[{"id":2396,"href":"https:\/\/www.ctu.com.mx\/casas-en-venta\/wp-json\/wp\/v2\/pages\/2344\/revisions\/2396"}],"wp:attachment":[{"href":"https:\/\/www.ctu.com.mx\/casas-en-venta\/wp-json\/wp\/v2\/media?parent=2344"}],"curies":[{"name":"wp","href":"https:\/\/api.w.org\/{rel}","templated":true}]}}