{"id":2326,"date":"2024-12-16T17:51:31","date_gmt":"2024-12-16T23:51:31","guid":{"rendered":"https:\/\/www.ctu.com.mx\/casas-en-venta\/?page_id=2326"},"modified":"2024-12-19T15:04:23","modified_gmt":"2024-12-19T21:04:23","slug":"la-magia-de-la-navidad-comienza-en-casa-un-regalo-de-ctu-y-brindemos-alegria-para-vivir","status":"publish","type":"page","link":"https:\/\/www.ctu.com.mx\/casas-en-venta\/la-magia-de-la-navidad-comienza-en-casa-un-regalo-de-ctu-y-brindemos-alegria-para-vivir\/","title":{"rendered":"La Magia de la Navidad Comienza en Casa: Un Regalo de CTU y Brindemos Alegr\u00eda Para Vivir"},"content":{"rendered":"\n<figure class=\"wp-block-embed is-type-video is-provider-youtube wp-block-embed-youtube wp-embed-aspect-16-9 wp-has-aspect-ratio\"><div class=\"wp-block-embed__wrapper\">\n<iframe loading=\"lazy\" title=\"La Magia de la Navidad Comienza en Casa: Un Regalo de CTU y Brindemos Alegr\u00eda Para Vivir\" width=\"900\" height=\"506\" src=\"https:\/\/www.youtube.com\/embed\/rr7obPUMg-Q?feature=oembed\" frameborder=\"0\" allow=\"accelerometer; autoplay; clipboard-write; encrypted-media; gyroscope; picture-in-picture; web-share\" referrerpolicy=\"strict-origin-when-cross-origin\" allowfullscreen><\/iframe>\n<\/div><\/figure>\n\n\n\n<div style=\"height:43px\" aria-hidden=\"true\" class=\"wp-block-spacer\"><\/div>\n\n\n\n<div class=\"wp-block-columns is-layout-flex wp-container-core-columns-is-layout-9d6595d7 wp-block-columns-is-layout-flex\">\n<div class=\"wp-block-column is-layout-flow wp-block-column-is-layout-flow\">\n<h3 class=\"wp-block-heading has-text-align-center has-text-color has-link-color wp-elements-ec16b85f169ba01749c3579cfe00305a\" style=\"color:#c39e28\">Un A\u00f1o de Logros y Alegr\u00eda<\/h3>\n\n\n\n<div style=\"height:20px\" aria-hidden=\"true\" class=\"wp-block-spacer\"><\/div>\n\n\n\n<iframe loading=\"lazy\" width=\"560\" height=\"275\" src=\"https:\/\/www.youtube.com\/embed\/-5H2admvVK0?si=EcO7c55r_7hbBUbY\" title=\"YouTube video player\" frameborder=\"0\" allow=\"accelerometer; autoplay; clipboard-write; encrypted-media; gyroscope; picture-in-picture; web-share\" referrerpolicy=\"strict-origin-when-cross-origin\" allowfullscreen><\/iframe>\n\n\n\n<p>Revive los momentos destacados de CTU y nuestros desarrollos inmobiliarios. <br>Un a\u00f1o de logros y solidaridad. <br>\u00a1Gracias por ser parte de nuestra historia!<\/p>\n<\/div>\n\n\n\n<div class=\"wp-block-column is-layout-flow wp-block-column-is-layout-flow\">\n<h3 class=\"wp-block-heading has-text-align-center has-text-color has-link-color wp-elements-1b1ea9f8b0869d9a68f86433ecc87d4b\" style=\"color:#c39e28\">Alegr\u00eda Navide\u00f1a para Todos<\/h3>\n\n\n\n<div style=\"height:20px\" aria-hidden=\"true\" class=\"wp-block-spacer\"><\/div>\n\n\n\n<iframe loading=\"lazy\" width=\"560\" height=\"275\" src=\"https:\/\/www.youtube.com\/embed\/U21b_RpaGVI?si=_6eToyifKH20lXJC\" title=\"YouTube video player\" frameborder=\"0\" allow=\"accelerometer; autoplay; clipboard-write; encrypted-media; gyroscope; picture-in-picture; web-share\" referrerpolicy=\"strict-origin-when-cross-origin\" allowfullscreen><\/iframe>\n\n\n\n<p>As\u00ed disfrutaron los ni\u00f1os y j\u00f3venes del albergue Brindemos Alegr\u00eda Para Vivir&nbsp;de su fiesta con Santa. \ud83c\udf89<\/p>\n<\/div>\n<\/div>\n\n\n\n<iframe aria-label='Campa\u00f1a Navide\u00f1a' frameborder=\"0\" style=\"height:540px;width:99%;border:none;\" src='https:\/\/forms.zohopublic.com\/ctuprueba\/form\/CampaaNavidea\/formperma\/ZonPhIXaoTnqu0a55pqN7J5UC7-gZKIX1pGaXPt-QKg'><\/iframe>\n","protected":false},"excerpt":{"rendered":"Un A\u00f1o de Logros y Alegr\u00eda Revive los momentos destacados de CTU y nuestros desarrollos inmobiliarios. Un a\u00f1o de logros y solidaridad. \u00a1Gracias por ser parte de nuestra historia! Alegr\u00eda Navide\u00f1a para Todos As\u00ed disfrutaron los ni\u00f1os y j\u00f3venes del albergue Brindemos Alegr\u00eda Para Vivir&nbsp;de su fiesta con Santa. \ud83c\udf89","protected":false},"author":2,"featured_media":0,"parent":0,"menu_order":0,"comment_status":"closed","ping_status":"closed","template":"","meta":{"_acf_changed":false,"rop_custom_images_group":[],"rop_custom_messages_group":[],"rop_publish_now":"initial","rop_publish_now_accounts":[],"rop_publish_now_history":[],"rop_publish_now_status":"pending","footnotes":""},"class_list":["post-2326","page","type-page","status-publish","hentry"],"acf":[],"yoast_head":"<!-- This site is optimized with the Yoast SEO plugin v27.4 - https:\/\/yoast.com\/product\/yoast-seo-wordpress\/ -->\n<title>La Magia de la Navidad Comienza en Casa: Un Regalo de CTU y Brindemos Alegr\u00eda Para Vivir - CTU | Casas en Venta | Fraccionamientos | Residenciales<\/title>\n<meta name=\"robots\" content=\"index, follow, max-snippet:-1, max-image-preview:large, max-video-preview:-1\" \/>\n<link rel=\"canonical\" href=\"https:\/\/www.ctu.com.mx\/casas-en-venta\/la-magia-de-la-navidad-comienza-en-casa-un-regalo-de-ctu-y-brindemos-alegria-para-vivir\/\" \/>\n<meta property=\"og:locale\" content=\"es_MX\" \/>\n<meta property=\"og:type\" content=\"article\" \/>\n<meta property=\"og:title\" content=\"La Magia de la Navidad Comienza en Casa: Un Regalo de CTU y Brindemos Alegr\u00eda Para Vivir - CTU | Casas en Venta | Fraccionamientos | Residenciales\" \/>\n<meta property=\"og:description\" content=\"Un A\u00f1o de Logros y Alegr\u00eda Revive los momentos destacados de CTU y nuestros desarrollos inmobiliarios. Un a\u00f1o de logros y solidaridad. \u00a1Gracias por ser parte de nuestra historia! Alegr\u00eda Navide\u00f1a para Todos As\u00ed disfrutaron los ni\u00f1os y j\u00f3venes del albergue Brindemos Alegr\u00eda Para Vivir&nbsp;de su fiesta con Santa. \ud83c\udf89\" \/>\n<meta property=\"og:url\" content=\"https:\/\/www.ctu.com.mx\/casas-en-venta\/la-magia-de-la-navidad-comienza-en-casa-un-regalo-de-ctu-y-brindemos-alegria-para-vivir\/\" \/>\n<meta property=\"og:site_name\" content=\"CTU | Casas en Venta | Fraccionamientos | Residenciales\" \/>\n<meta property=\"article:publisher\" content=\"https:\/\/www.facebook.com\/ctulife\" \/>\n<meta property=\"article:modified_time\" content=\"2024-12-19T21:04:23+00:00\" \/>\n<meta name=\"twitter:card\" content=\"summary_large_image\" \/>\n<meta name=\"twitter:label1\" content=\"Tiempo de lectura\" \/>\n\t<meta name=\"twitter:data1\" content=\"1 minuto\" \/>\n<script type=\"application\/ld+json\" class=\"yoast-schema-graph\">{\"@context\":\"https:\\\/\\\/schema.org\",\"@graph\":[{\"@type\":\"WebPage\",\"@id\":\"https:\\\/\\\/www.ctu.com.mx\\\/casas-en-venta\\\/la-magia-de-la-navidad-comienza-en-casa-un-regalo-de-ctu-y-brindemos-alegria-para-vivir\\\/\",\"url\":\"https:\\\/\\\/www.ctu.com.mx\\\/casas-en-venta\\\/la-magia-de-la-navidad-comienza-en-casa-un-regalo-de-ctu-y-brindemos-alegria-para-vivir\\\/\",\"name\":\"La Magia de la Navidad Comienza en Casa: Un Regalo de CTU y Brindemos Alegr\u00eda Para Vivir - CTU | Casas en Venta | Fraccionamientos | Residenciales\",\"isPartOf\":{\"@id\":\"https:\\\/\\\/www.ctu.com.mx\\\/casas-en-venta\\\/#website\"},\"datePublished\":\"2024-12-16T23:51:31+00:00\",\"dateModified\":\"2024-12-19T21:04:23+00:00\",\"breadcrumb\":{\"@id\":\"https:\\\/\\\/www.ctu.com.mx\\\/casas-en-venta\\\/la-magia-de-la-navidad-comienza-en-casa-un-regalo-de-ctu-y-brindemos-alegria-para-vivir\\\/#breadcrumb\"},\"inLanguage\":\"es\",\"potentialAction\":[{\"@type\":\"ReadAction\",\"target\":[\"https:\\\/\\\/www.ctu.com.mx\\\/casas-en-venta\\\/la-magia-de-la-navidad-comienza-en-casa-un-regalo-de-ctu-y-brindemos-alegria-para-vivir\\\/\"]}]},{\"@type\":\"BreadcrumbList\",\"@id\":\"https:\\\/\\\/www.ctu.com.mx\\\/casas-en-venta\\\/la-magia-de-la-navidad-comienza-en-casa-un-regalo-de-ctu-y-brindemos-alegria-para-vivir\\\/#breadcrumb\",\"itemListElement\":[{\"@type\":\"ListItem\",\"position\":1,\"name\":\"Inicio\",\"item\":\"https:\\\/\\\/www.ctu.com.mx\\\/casas-en-venta\\\/\"},{\"@type\":\"ListItem\",\"position\":2,\"name\":\"La Magia de la Navidad Comienza en Casa: Un Regalo de CTU y Brindemos Alegr\u00eda Para Vivir\"}]},{\"@type\":\"WebSite\",\"@id\":\"https:\\\/\\\/www.ctu.com.mx\\\/casas-en-venta\\\/#website\",\"url\":\"https:\\\/\\\/www.ctu.com.mx\\\/casas-en-venta\\\/\",\"name\":\"CTU Hogar | Casas en Venta por Cr\u00e9dito Infonavit, Fovissste o Banco | Fraccionamientos Residenciales\",\"description\":\"Contamos con residenciales en 6 ciudades de M\u00e9xico: Chihuahua, Cuauht\u00e9moc, Ju\u00e1rez, Le\u00f3n, Hermosillo y Monterrey.  Cada uno de nuestros desarrollos es \u00fanico y cuenta con diferentes opciones de vivienda para todo tipo de familias. T\u00f3mate el tiempo de conocerlos.\",\"publisher\":{\"@id\":\"https:\\\/\\\/www.ctu.com.mx\\\/casas-en-venta\\\/#organization\"},\"potentialAction\":[{\"@type\":\"SearchAction\",\"target\":{\"@type\":\"EntryPoint\",\"urlTemplate\":\"https:\\\/\\\/www.ctu.com.mx\\\/casas-en-venta\\\/?s={search_term_string}\"},\"query-input\":{\"@type\":\"PropertyValueSpecification\",\"valueRequired\":true,\"valueName\":\"search_term_string\"}}],\"inLanguage\":\"es\"},{\"@type\":\"Organization\",\"@id\":\"https:\\\/\\\/www.ctu.com.mx\\\/casas-en-venta\\\/#organization\",\"name\":\"CTU Hogar\",\"url\":\"https:\\\/\\\/www.ctu.com.mx\\\/casas-en-venta\\\/\",\"logo\":{\"@type\":\"ImageObject\",\"inLanguage\":\"es\",\"@id\":\"https:\\\/\\\/www.ctu.com.mx\\\/casas-en-venta\\\/#\\\/schema\\\/logo\\\/image\\\/\",\"url\":\"https:\\\/\\\/www.ctu.com.mx\\\/casas-en-venta\\\/wp-content\\\/uploads\\\/2024\\\/02\\\/logo.png\",\"contentUrl\":\"https:\\\/\\\/www.ctu.com.mx\\\/casas-en-venta\\\/wp-content\\\/uploads\\\/2024\\\/02\\\/logo.png\",\"width\":398,\"height\":538,\"caption\":\"CTU Hogar\"},\"image\":{\"@id\":\"https:\\\/\\\/www.ctu.com.mx\\\/casas-en-venta\\\/#\\\/schema\\\/logo\\\/image\\\/\"},\"sameAs\":[\"https:\\\/\\\/www.facebook.com\\\/ctulife\"]}]}<\/script>\n<!-- \/ Yoast SEO plugin. -->","yoast_head_json":{"title":"La Magia de la Navidad Comienza en Casa: Un Regalo de CTU y Brindemos Alegr\u00eda Para Vivir - CTU | Casas en Venta | Fraccionamientos | Residenciales","robots":{"index":"index","follow":"follow","max-snippet":"max-snippet:-1","max-image-preview":"max-image-preview:large","max-video-preview":"max-video-preview:-1"},"canonical":"https:\/\/www.ctu.com.mx\/casas-en-venta\/la-magia-de-la-navidad-comienza-en-casa-un-regalo-de-ctu-y-brindemos-alegria-para-vivir\/","og_locale":"es_MX","og_type":"article","og_title":"La Magia de la Navidad Comienza en Casa: Un Regalo de CTU y Brindemos Alegr\u00eda Para Vivir - CTU | Casas en Venta | Fraccionamientos | Residenciales","og_description":"Un A\u00f1o de Logros y Alegr\u00eda Revive los momentos destacados de CTU y nuestros desarrollos inmobiliarios. Un a\u00f1o de logros y solidaridad. \u00a1Gracias por ser parte de nuestra historia! Alegr\u00eda Navide\u00f1a para Todos As\u00ed disfrutaron los ni\u00f1os y j\u00f3venes del albergue Brindemos Alegr\u00eda Para Vivir&nbsp;de su fiesta con Santa. \ud83c\udf89","og_url":"https:\/\/www.ctu.com.mx\/casas-en-venta\/la-magia-de-la-navidad-comienza-en-casa-un-regalo-de-ctu-y-brindemos-alegria-para-vivir\/","og_site_name":"CTU | Casas en Venta | Fraccionamientos | Residenciales","article_publisher":"https:\/\/www.facebook.com\/ctulife","article_modified_time":"2024-12-19T21:04:23+00:00","twitter_card":"summary_large_image","twitter_misc":{"Tiempo de lectura":"1 minuto"},"schema":{"@context":"https:\/\/schema.org","@graph":[{"@type":"WebPage","@id":"https:\/\/www.ctu.com.mx\/casas-en-venta\/la-magia-de-la-navidad-comienza-en-casa-un-regalo-de-ctu-y-brindemos-alegria-para-vivir\/","url":"https:\/\/www.ctu.com.mx\/casas-en-venta\/la-magia-de-la-navidad-comienza-en-casa-un-regalo-de-ctu-y-brindemos-alegria-para-vivir\/","name":"La Magia de la Navidad Comienza en Casa: Un Regalo de CTU y Brindemos Alegr\u00eda Para Vivir - CTU | Casas en Venta | Fraccionamientos | Residenciales","isPartOf":{"@id":"https:\/\/www.ctu.com.mx\/casas-en-venta\/#website"},"datePublished":"2024-12-16T23:51:31+00:00","dateModified":"2024-12-19T21:04:23+00:00","breadcrumb":{"@id":"https:\/\/www.ctu.com.mx\/casas-en-venta\/la-magia-de-la-navidad-comienza-en-casa-un-regalo-de-ctu-y-brindemos-alegria-para-vivir\/#breadcrumb"},"inLanguage":"es","potentialAction":[{"@type":"ReadAction","target":["https:\/\/www.ctu.com.mx\/casas-en-venta\/la-magia-de-la-navidad-comienza-en-casa-un-regalo-de-ctu-y-brindemos-alegria-para-vivir\/"]}]},{"@type":"BreadcrumbList","@id":"https:\/\/www.ctu.com.mx\/casas-en-venta\/la-magia-de-la-navidad-comienza-en-casa-un-regalo-de-ctu-y-brindemos-alegria-para-vivir\/#breadcrumb","itemListElement":[{"@type":"ListItem","position":1,"name":"Inicio","item":"https:\/\/www.ctu.com.mx\/casas-en-venta\/"},{"@type":"ListItem","position":2,"name":"La Magia de la Navidad Comienza en Casa: Un Regalo de CTU y Brindemos Alegr\u00eda Para Vivir"}]},{"@type":"WebSite","@id":"https:\/\/www.ctu.com.mx\/casas-en-venta\/#website","url":"https:\/\/www.ctu.com.mx\/casas-en-venta\/","name":"CTU Hogar | Casas en Venta por Cr\u00e9dito Infonavit, Fovissste o Banco | Fraccionamientos Residenciales","description":"Contamos con residenciales en 6 ciudades de M\u00e9xico: Chihuahua, Cuauht\u00e9moc, Ju\u00e1rez, Le\u00f3n, Hermosillo y Monterrey.  Cada uno de nuestros desarrollos es \u00fanico y cuenta con diferentes opciones de vivienda para todo tipo de familias. T\u00f3mate el tiempo de conocerlos.","publisher":{"@id":"https:\/\/www.ctu.com.mx\/casas-en-venta\/#organization"},"potentialAction":[{"@type":"SearchAction","target":{"@type":"EntryPoint","urlTemplate":"https:\/\/www.ctu.com.mx\/casas-en-venta\/?s={search_term_string}"},"query-input":{"@type":"PropertyValueSpecification","valueRequired":true,"valueName":"search_term_string"}}],"inLanguage":"es"},{"@type":"Organization","@id":"https:\/\/www.ctu.com.mx\/casas-en-venta\/#organization","name":"CTU Hogar","url":"https:\/\/www.ctu.com.mx\/casas-en-venta\/","logo":{"@type":"ImageObject","inLanguage":"es","@id":"https:\/\/www.ctu.com.mx\/casas-en-venta\/#\/schema\/logo\/image\/","url":"https:\/\/www.ctu.com.mx\/casas-en-venta\/wp-content\/uploads\/2024\/02\/logo.png","contentUrl":"https:\/\/www.ctu.com.mx\/casas-en-venta\/wp-content\/uploads\/2024\/02\/logo.png","width":398,"height":538,"caption":"CTU Hogar"},"image":{"@id":"https:\/\/www.ctu.com.mx\/casas-en-venta\/#\/schema\/logo\/image\/"},"sameAs":["https:\/\/www.facebook.com\/ctulife"]}]}},"_links":{"self":[{"href":"https:\/\/www.ctu.com.mx\/casas-en-venta\/wp-json\/wp\/v2\/pages\/2326","targetHints":{"allow":["GET"]}}],"collection":[{"href":"https:\/\/www.ctu.com.mx\/casas-en-venta\/wp-json\/wp\/v2\/pages"}],"about":[{"href":"https:\/\/www.ctu.com.mx\/casas-en-venta\/wp-json\/wp\/v2\/types\/page"}],"author":[{"embeddable":true,"href":"https:\/\/www.ctu.com.mx\/casas-en-venta\/wp-json\/wp\/v2\/users\/2"}],"replies":[{"embeddable":true,"href":"https:\/\/www.ctu.com.mx\/casas-en-venta\/wp-json\/wp\/v2\/comments?post=2326"}],"version-history":[{"count":17,"href":"https:\/\/www.ctu.com.mx\/casas-en-venta\/wp-json\/wp\/v2\/pages\/2326\/revisions"}],"predecessor-version":[{"id":2397,"href":"https:\/\/www.ctu.com.mx\/casas-en-venta\/wp-json\/wp\/v2\/pages\/2326\/revisions\/2397"}],"wp:attachment":[{"href":"https:\/\/www.ctu.com.mx\/casas-en-venta\/wp-json\/wp\/v2\/media?parent=2326"}],"curies":[{"name":"wp","href":"https:\/\/api.w.org\/{rel}","templated":true}]}}